{"id":1173,"date":"2023-09-13T14:00:43","date_gmt":"2023-09-13T14:00:43","guid":{"rendered":"https:\/\/theleaderscircle.ca\/services\/"},"modified":"2024-05-21T17:06:11","modified_gmt":"2024-05-21T17:06:11","slug":"services","status":"publish","type":"page","link":"https:\/\/theleaderscircle.ca\/fr\/services\/","title":{"rendered":"Services"},"content":{"rendered":"<section class=\"arrow-style-chevron arrow-border-style-circle arrow-position-sides events-overlay desktop wp-block-gb-for-slick-slider-slick-slider\" data-slick=\"{&quot;dots&quot;:false,&quot;arrows&quot;:false,&quot;slidesToShow&quot;:1,&quot;slidesToScroll&quot;:1,&quot;infinite&quot;:false,&quot;adaptiveHeight&quot;:false,&quot;autoplay&quot;:false,&quot;autoplaySpeed&quot;:1500,&quot;fade&quot;:false,&quot;speed&quot;:1000,&quot;centerMode&quot;:false,&quot;responsive&quot;:[{&quot;breakpoint&quot;:1024,&quot;settings&quot;:{&quot;slidesToShow&quot;:&quot;1&quot;,&quot;slidesToScroll&quot;:1,&quot;arrows&quot;:false,&quot;dots&quot;:false}},{&quot;breakpoint&quot;:768,&quot;settings&quot;:{&quot;slidesToShow&quot;:&quot;1&quot;,&quot;slidesToScroll&quot;:1,&quot;arrows&quot;:false,&quot;dots&quot;:false}},{&quot;breakpoint&quot;:600,&quot;settings&quot;:{&quot;slidesToShow&quot;:1,&quot;slidesToScroll&quot;:1,&quot;arrows&quot;:false,&quot;dots&quot;:false}},{&quot;breakpoint&quot;:480,&quot;settings&quot;:{&quot;slidesToShow&quot;:1,&quot;slidesToScroll&quot;:1,&quot;arrows&quot;:false,&quot;dots&quot;:false}}]}\" style=\"--arrow-bg-color: #ffffff00;--arrow-color: #d3d1d1; --arrow-font-size: 20px; --arrow-height: 40px;\">\r\n\t\n<div style=\"margin-right:0px;margin-left:0px\" class=\"wp-block-gb-for-slick-slider-slick-slider-item is-layout-flow wp-block-gb-for-slick-slider-slick-slider-item-is-layout-flow\">\n<div class=\"wp-block-cover\"><span aria-hidden=\"true\" class=\"wp-block-cover__background has-background-dim-0 has-background-dim\"><\/span><img loading=\"lazy\" decoding=\"async\" width=\"5532\" height=\"1944\" class=\"wp-block-cover__image-background wp-image-1659\" alt=\"\" src=\"https:\/\/theleaderscircle.ca\/wp-content\/uploads\/2024\/05\/CL_09804.jpg\" data-object-fit=\"cover\"\/><div class=\"wp-block-cover__inner-container is-layout-flow wp-block-cover-is-layout-flow\">\n<p><\/p>\n<\/div><\/div>\n<\/div>\n<\/section>\r\n\n\n\n<div class=\"wp-block-group hero-overlay services-overlay\"><div class=\"wp-block-group__inner-container is-layout-constrained wp-block-group-is-layout-constrained\">\n<h1 class=\"wp-block-heading has-text-align-left has-black-color has-text-color\" style=\"font-size:50px;font-style:normal;font-weight:700;text-transform:uppercase\">Des services con\u00e7us pour les r\u00e9ussites<\/h1>\n<\/div><\/div>\n\n\n\n<div class=\"wp-block-columns is-layout-flex wp-container-core-columns-is-layout-9d6595d7 wp-block-columns-is-layout-flex\">\n<div class=\"wp-block-column is-layout-flow wp-block-column-is-layout-flow\">\n<div class=\"wp-block-cover lets-win-your-bid-image\"><span aria-hidden=\"true\" class=\"wp-block-cover__background has-background-dim-0 has-background-dim\"><\/span><img loading=\"lazy\" decoding=\"async\" width=\"865\" height=\"465\" class=\"wp-block-cover__image-background wp-image-1608\" alt=\"\" src=\"https:\/\/theleaderscircle.ca\/wp-content\/uploads\/2024\/04\/Service_WinningPartnerships_social.jpg\" data-object-fit=\"cover\"\/><div class=\"wp-block-cover__inner-container is-layout-flow wp-block-cover-is-layout-flow\">\n<div class=\"wp-block-columns are-vertically-aligned-top is-layout-flex wp-container-core-columns-is-layout-9d6595d7 wp-block-columns-is-layout-flex\">\n<div class=\"wp-block-column is-vertically-aligned-top tile rounded-edge-tile rounded-edge-tile-v3 has-white-background-color has-background is-layout-flow wp-block-column-is-layout-flow\">\n<h2 class=\"wp-block-heading has-black-color has-text-color\" style=\"font-size:28px;font-style:normal;font-weight:700;text-transform:uppercase\">Un partenariat gagnant<\/h2>\n\n\n\n<div class=\"header-bars\">\n<div class=\"top-bar\"><\/div>\n<div class=\"bottom-bar\"><\/div>\n<\/div>\n\n\n\n<p class=\"has-black-color has-text-color\" style=\"font-size:16px\">Pour donner \u00e0 votre candidature les meilleures chances de r\u00e9ussite, nous nous sommes associ\u00e9s \u00e0 Destination Toronto, vous offrant du soutien gratuit \u00e0 chaque \u00e9tape du processus. De l\u2019\u00e9laboration d\u2019un dossier de candidature convainquant \u00e0 l\u2019obtention de lettres d\u2019appui, nous vous aidons \u00e0 partir du bon pied.<\/p>\n\n\n\n<div class=\"wp-block-buttons is-layout-flex wp-block-buttons-is-layout-flex\">\n<div class=\"wp-block-button\"><a class=\"wp-block-button__link wp-element-button\" href=\"https:\/\/theleaderscircle.ca\/fr\/contact-us\/\">Communiquez avec nous d\u00e8s aujourd\u2019hui<\/a><\/div>\n<\/div>\n<\/div>\n\n\n\n<div class=\"wp-block-column is-vertically-aligned-top is-layout-flow wp-block-column-is-layout-flow\"><\/div>\n\n\n\n<div class=\"wp-block-column is-vertically-aligned-top is-layout-flow wp-block-column-is-layout-flow\"><\/div>\n<\/div>\n<\/div><\/div>\n<\/div>\n<\/div>\n\n\n\n<div class=\"wp-block-columns is-layout-flex wp-container-core-columns-is-layout-9d6595d7 wp-block-columns-is-layout-flex\">\n<div class=\"wp-block-column is-layout-flow wp-block-column-is-layout-flow\" style=\"flex-basis:25%\">\n<figure class=\"wp-block-image size-full is-resized is-style-default complimentary-image\"><img loading=\"lazy\" decoding=\"async\" width=\"324\" height=\"646\" src=\"https:\/\/theleaderscircle.ca\/wp-content\/uploads\/2023\/09\/Delegates-054.png\" alt=\"\" class=\"wp-image-470\" style=\"object-fit:cover;width:305px;height:608px\"\/><\/figure>\n<\/div>\n\n\n\n<div class=\"wp-block-column is-layout-flow wp-block-column-is-layout-flow\" style=\"flex-basis:10%\"><\/div>\n\n\n\n<div class=\"wp-block-column mobile-padding is-layout-flow wp-block-column-is-layout-flow\" style=\"flex-basis:65%\">\n<h2 class=\"wp-block-heading\" style=\"font-style:normal;font-weight:700;text-transform:uppercase\">Nos services gratuits&nbsp;<\/h2>\n\n\n\n<div class=\"header-bars\">\n<div class=\"top-bar\"><\/div>\n<div class=\"bottom-bar\"><\/div>\n<\/div>\n\n\n\n<div class=\"wp-block-columns is-not-stacked-on-mobile desktop is-layout-flex wp-container-core-columns-is-layout-9d6595d7 wp-block-columns-is-layout-flex\">\n<div class=\"wp-block-column is-vertically-aligned-center is-layout-flow wp-block-column-is-layout-flow\">\n<figure class=\"wp-block-image size-full is-resized\"><img loading=\"lazy\" decoding=\"async\" width=\"100\" height=\"86\" src=\"https:\/\/theleaderscircle.ca\/wp-content\/uploads\/2023\/09\/Consulting-icon@2x.png\" alt=\"\" class=\"wp-image-475\" style=\"object-fit:contain;width:68px;height:68px\"\/><\/figure>\n\n\n\n<p><strong><strong><strong>Consultation<\/strong><\/strong>&nbsp;<\/strong><br>Nos sp\u00e9cialistes vous conseillent tout au long du processus de soumission visant l\u2019obtention du congr\u00e8s.<\/p>\n<\/div>\n\n\n\n<div class=\"wp-block-column is-layout-flow wp-block-column-is-layout-flow\">\n<figure class=\"wp-block-image size-full is-resized\"><img loading=\"lazy\" decoding=\"async\" width=\"100\" height=\"100\" src=\"https:\/\/theleaderscircle.ca\/wp-content\/uploads\/2023\/09\/Customize-Icon@2x.png\" alt=\"\" class=\"wp-image-477\" style=\"object-fit:contain;width:68px;height:68px\"\/><\/figure>\n\n\n\n<p><strong><strong><strong>Strat\u00e9gie de soumission<\/strong><\/strong> <\/strong><br>Nous \u00e9laborons des strat\u00e9gies de soumission personnalis\u00e9es qui<br>soutiennent les objectifs de votre congr\u00e8s.<\/p>\n<\/div>\n\n\n\n<div class=\"wp-block-column is-layout-flow wp-block-column-is-layout-flow\">\n<figure class=\"wp-block-image size-full is-resized\"><img loading=\"lazy\" decoding=\"async\" width=\"100\" height=\"101\" src=\"https:\/\/theleaderscircle.ca\/wp-content\/uploads\/2023\/09\/Letter-Icon@2x.png\" alt=\"\" class=\"wp-image-479\" style=\"object-fit:contain;width:68px;height:68px\"\/><\/figure>\n\n\n\n<p><strong><strong>Lettres d&rsquo;appui<\/strong>&nbsp;<\/strong><br>Nous obtenons des lettres d&rsquo;appui de tous les ordres de gouvernement.<\/p>\n<\/div>\n<\/div>\n\n\n\n<div class=\"wp-block-columns is-not-stacked-on-mobile mobile is-layout-flex wp-container-core-columns-is-layout-9d6595d7 wp-block-columns-is-layout-flex\">\n<div class=\"wp-block-column is-vertically-aligned-center is-layout-flow wp-block-column-is-layout-flow\">\n<figure class=\"wp-block-image size-full is-resized\"><img loading=\"lazy\" decoding=\"async\" width=\"100\" height=\"86\" src=\"https:\/\/theleaderscircle.ca\/wp-content\/uploads\/2023\/09\/Consulting-icon@2x.png\" alt=\"\" class=\"wp-image-475\" style=\"object-fit:contain;width:68px;height:68px\"\/><\/figure>\n\n\n\n<p><strong><strong><strong><strong>Consultation<\/strong><\/strong>&nbsp;<\/strong><\/strong><br>Nos sp\u00e9cialistes vous conseillent tout au long du processus de soumission visant l\u2019obtention du congr\u00e8s.<\/p>\n<\/div>\n\n\n\n<div class=\"wp-block-column is-layout-flow wp-block-column-is-layout-flow\">\n<figure class=\"wp-block-image size-full is-resized\"><img loading=\"lazy\" decoding=\"async\" width=\"100\" height=\"100\" src=\"https:\/\/theleaderscircle.ca\/wp-content\/uploads\/2023\/09\/Customize-Icon@2x.png\" alt=\"\" class=\"wp-image-477\" style=\"object-fit:cover;width:68px;height:68px\"\/><\/figure>\n\n\n\n<p><strong><strong><strong>Strat\u00e9gie de soumission<\/strong><\/strong><\/strong><br>Nous \u00e9laborons des strat\u00e9gies de soumission personnalis\u00e9es qui<br>soutiennent les objectifs de votre congr\u00e8s.<\/p>\n<\/div>\n<\/div>\n\n\n\n<div class=\"wp-block-columns is-not-stacked-on-mobile mobile is-layout-flex wp-container-core-columns-is-layout-9d6595d7 wp-block-columns-is-layout-flex\">\n<div class=\"wp-block-column is-layout-flow wp-block-column-is-layout-flow\">\n<figure class=\"wp-block-image size-full is-resized\"><img loading=\"lazy\" decoding=\"async\" width=\"100\" height=\"101\" src=\"https:\/\/theleaderscircle.ca\/wp-content\/uploads\/2023\/09\/Letter-Icon@2x.png\" alt=\"\" class=\"wp-image-479\" style=\"object-fit:cover;width:68px;height:68px\"\/><\/figure>\n\n\n\n<p><strong>Lettres d&rsquo;appui<\/strong>&nbsp;<br>Nous obtenons des lettres d&rsquo;appui de tous les ordres de gouvernement.<\/p>\n<\/div>\n\n\n\n<div class=\"wp-block-column is-layout-flow wp-block-column-is-layout-flow\">\n<figure class=\"wp-block-image size-full is-resized\"><img loading=\"lazy\" decoding=\"async\" width=\"100\" height=\"100\" src=\"https:\/\/theleaderscircle.ca\/wp-content\/uploads\/2023\/09\/Marketing-Icon@2x.png\" alt=\"\" class=\"wp-image-481\" style=\"width:68px;height:68px\"\/><\/figure>\n\n\n\n<p><strong>Mat\u00e9riel promotionnel<\/strong>&nbsp;<br>Du mat\u00e9riel de marketing promotionnel peut \u00eatre fourni par Destination Toronto pour appuyer votre dossier de candidature.<\/p>\n<\/div>\n<\/div>\n\n\n\n<div class=\"wp-block-columns desktop is-layout-flex wp-container-core-columns-is-layout-9d6595d7 wp-block-columns-is-layout-flex\">\n<div class=\"wp-block-column is-layout-flow wp-block-column-is-layout-flow\">\n<figure class=\"wp-block-image size-full is-resized\"><img loading=\"lazy\" decoding=\"async\" width=\"100\" height=\"100\" src=\"https:\/\/theleaderscircle.ca\/wp-content\/uploads\/2023\/09\/Marketing-Icon@2x.png\" alt=\"\" class=\"wp-image-481\" style=\"width:68px;height:68px\"\/><\/figure>\n\n\n\n<p><strong>Mat\u00e9riel promotionnel<\/strong>&nbsp;<br>Du mat\u00e9riel de marketing promotionnel peut \u00eatre fourni par Destination Toronto pour appuyer votre dossier de candidature.<\/p>\n<\/div>\n\n\n\n<div class=\"wp-block-column is-layout-flow wp-block-column-is-layout-flow\">\n<figure class=\"wp-block-image size-full is-resized\"><img loading=\"lazy\" decoding=\"async\" width=\"88\" height=\"100\" src=\"https:\/\/theleaderscircle.ca\/wp-content\/uploads\/2023\/09\/Venue-Icon@2x.png\" alt=\"\" class=\"wp-image-483\" style=\"object-fit:cover;width:68px;height:68px\"\/><\/figure>\n\n\n\n<p><strong><strong>Recommandation de lieu<\/strong>x<\/strong><br>Toronto offre un large \u00e9ventail de lieux et d\u2019options d&rsquo;h\u00e9bergements adapt\u00e9s \u00e0 votre congr\u00e8s.<\/p>\n<\/div>\n\n\n\n<div class=\"wp-block-column is-layout-flow wp-block-column-is-layout-flow\">\n<figure class=\"wp-block-image size-full is-resized\"><img loading=\"lazy\" decoding=\"async\" width=\"100\" height=\"100\" src=\"https:\/\/theleaderscircle.ca\/wp-content\/uploads\/2023\/09\/Financial-Icon@2x.png\" alt=\"\" class=\"wp-image-485\" style=\"object-fit:cover;width:68px;height:68px\"\/><\/figure>\n\n\n\n<p><strong><strong>Soutien financier<\/strong>&nbsp;<\/strong><br>Du soutien financier est disponible d\u00e8s les premi\u00e8res \u00e9tapes de la planification (certaines conditions s&rsquo;appliquent).<\/p>\n<\/div>\n<\/div>\n\n\n\n<div class=\"wp-block-columns is-not-stacked-on-mobile mobile is-layout-flex wp-container-core-columns-is-layout-9d6595d7 wp-block-columns-is-layout-flex\">\n<div class=\"wp-block-column is-layout-flow wp-block-column-is-layout-flow\">\n<figure class=\"wp-block-image size-full is-resized\"><img loading=\"lazy\" decoding=\"async\" width=\"88\" height=\"100\" src=\"https:\/\/theleaderscircle.ca\/wp-content\/uploads\/2023\/09\/Venue-Icon@2x.png\" alt=\"\" class=\"wp-image-483\" style=\"object-fit:cover;width:68px;height:68px\"\/><\/figure>\n\n\n\n<p><strong>Recommandation de lieu<\/strong>x<br>Toronto offre un large \u00e9ventail de lieux et d\u2019options d&rsquo;h\u00e9bergements adapt\u00e9s \u00e0 votre congr\u00e8s.<\/p>\n<\/div>\n\n\n\n<div class=\"wp-block-column is-layout-flow wp-block-column-is-layout-flow\">\n<figure class=\"wp-block-image size-full is-resized\"><img loading=\"lazy\" decoding=\"async\" width=\"100\" height=\"100\" src=\"https:\/\/theleaderscircle.ca\/wp-content\/uploads\/2023\/09\/Financial-Icon@2x.png\" alt=\"\" class=\"wp-image-485\" style=\"object-fit:cover;width:68px;height:68px\"\/><\/figure>\n\n\n\n<p><strong>Soutien financier<\/strong>&nbsp;<br>Du soutien financier est disponible d\u00e8s les premi\u00e8res \u00e9tapes de la planification (certaines conditions s&rsquo;appliquent).<\/p>\n<\/div>\n<\/div>\n\n\n\n<div class=\"wp-block-columns is-not-stacked-on-mobile is-layout-flex wp-container-core-columns-is-layout-9d6595d7 wp-block-columns-is-layout-flex\">\n<div class=\"wp-block-column is-vertically-aligned-center is-layout-flow wp-block-column-is-layout-flow\" style=\"flex-basis:40%\">\n<h2 class=\"wp-block-heading\" style=\"font-size:16px\">En partenariat avec<\/h2>\n<\/div>\n\n\n\n<div class=\"wp-block-column is-layout-flow wp-block-column-is-layout-flow\" style=\"flex-basis:66.66%\">\n<figure class=\"wp-block-image size-full is-resized\"><a href=\"https:\/\/www.destinationtoronto.com\/meetings\/tools-and-resources\/leaders-circle\/\" target=\"_blank\" rel=\"noreferrer noopener\"><img loading=\"lazy\" decoding=\"async\" width=\"302\" height=\"96\" src=\"https:\/\/theleaderscircle.ca\/wp-content\/uploads\/2023\/09\/Destination-Toronto@2x.png\" alt=\"\" class=\"wp-image-499\" style=\"width:206px;height:65px\"\/><\/a><\/figure>\n<\/div>\n<\/div>\n<\/div>\n<\/div>\n","protected":false},"excerpt":{"rendered":"<p>Des services con\u00e7us pour les r\u00e9ussites Nos services gratuits&nbsp; Consultation&nbsp;Nos sp\u00e9cialistes vous conseillent tout au long du processus de soumission visant l\u2019obtention du congr\u00e8s. Strat\u00e9gie de soumission Nous \u00e9laborons des strat\u00e9gies de soumission personnalis\u00e9es quisoutiennent les objectifs de votre congr\u00e8s. Lettres d&rsquo;appui&nbsp;Nous obtenons des lettres d&rsquo;appui de tous les ordres de gouvernement. Consultation&nbsp;Nos sp\u00e9cialistes vous [&hellip;]<\/p>\n","protected":false},"author":3,"featured_media":0,"parent":0,"menu_order":0,"comment_status":"closed","ping_status":"closed","template":"page-nosidebar.php","meta":{"_acf_changed":false,"footnotes":""},"class_list":["post-1173","page","type-page","status-publish","hentry"],"acf":[],"yoast_head":"<!-- This site is optimized with the Yoast SEO plugin v27.1.1 - https:\/\/yoast.com\/product\/yoast-seo-wordpress\/ -->\n<title>How We Can Help | The Leaders Circle<\/title>\n<meta name=\"description\" content=\"Leaders Circle provides complimentary support and advice from meeting professionals from the bidding process through to execution of your conference.\" \/>\n<meta name=\"robots\" content=\"index, follow, max-snippet:-1, max-image-preview:large, max-video-preview:-1\" \/>\n<link rel=\"canonical\" href=\"https:\/\/theleaderscircle.ca\/fr\/services\/\" \/>\n<meta property=\"og:locale\" content=\"fr_FR\" \/>\n<meta property=\"og:type\" content=\"article\" \/>\n<meta property=\"og:title\" content=\"How We Can Help | The Leaders Circle\" \/>\n<meta property=\"og:description\" content=\"Leaders Circle provides complimentary support and advice from meeting professionals from the bidding process through to execution of your conference.\" \/>\n<meta property=\"og:url\" content=\"https:\/\/theleaderscircle.ca\/fr\/services\/\" \/>\n<meta property=\"og:site_name\" content=\"theleaderscircle.ca\" \/>\n<meta property=\"article:modified_time\" content=\"2024-05-21T17:06:11+00:00\" \/>\n<meta property=\"og:image\" content=\"https:\/\/theleaderscircle.ca\/wp-content\/uploads\/2023\/09\/Exhibition-Hall-017.png\" \/>\n\t<meta property=\"og:image:width\" content=\"1366\" \/>\n\t<meta property=\"og:image:height\" content=\"570\" \/>\n\t<meta property=\"og:image:type\" content=\"image\/png\" \/>\n<meta name=\"twitter:card\" content=\"summary_large_image\" \/>\n<meta name=\"twitter:title\" content=\"How We Can Help | The Leaders Circle\" \/>\n<meta name=\"twitter:description\" content=\"Leaders Circle provides complimentary support and advice from meeting professionals from the bidding process through to execution of your conference.\" \/>\n<meta name=\"twitter:image\" content=\"https:\/\/theleaderscircle.ca\/wp-content\/uploads\/2023\/09\/Exhibition-Hall-017.png\" \/>\n<meta name=\"twitter:label1\" content=\"Dur\u00e9e de lecture estim\u00e9e\" \/>\n\t<meta name=\"twitter:data1\" content=\"5 minutes\" \/>\n<script type=\"application\/ld+json\" class=\"yoast-schema-graph\">{\"@context\":\"https:\/\/schema.org\",\"@graph\":[{\"@type\":\"WebPage\",\"@id\":\"https:\/\/theleaderscircle.ca\/fr\/services\/\",\"url\":\"https:\/\/theleaderscircle.ca\/fr\/services\/\",\"name\":\"How We Can Help | The Leaders Circle\",\"isPartOf\":{\"@id\":\"https:\/\/theleaderscircle.ca\/#website\"},\"primaryImageOfPage\":{\"@id\":\"https:\/\/theleaderscircle.ca\/fr\/services\/#primaryimage\"},\"image\":{\"@id\":\"https:\/\/theleaderscircle.ca\/fr\/services\/#primaryimage\"},\"thumbnailUrl\":\"https:\/\/theleaderscircle.ca\/wp-content\/uploads\/2024\/05\/CL_09804.jpg\",\"datePublished\":\"2023-09-13T14:00:43+00:00\",\"dateModified\":\"2024-05-21T17:06:11+00:00\",\"description\":\"Leaders Circle provides complimentary support and advice from meeting professionals from the bidding process through to execution of your conference.\",\"inLanguage\":\"fr-FR\",\"potentialAction\":[{\"@type\":\"ReadAction\",\"target\":[\"https:\/\/theleaderscircle.ca\/fr\/services\/\"]}]},{\"@type\":\"ImageObject\",\"inLanguage\":\"fr-FR\",\"@id\":\"https:\/\/theleaderscircle.ca\/fr\/services\/#primaryimage\",\"url\":\"https:\/\/theleaderscircle.ca\/wp-content\/uploads\/2024\/05\/CL_09804.jpg\",\"contentUrl\":\"https:\/\/theleaderscircle.ca\/wp-content\/uploads\/2024\/05\/CL_09804.jpg\"},{\"@type\":\"WebSite\",\"@id\":\"https:\/\/theleaderscircle.ca\/#website\",\"url\":\"https:\/\/theleaderscircle.ca\/\",\"name\":\"theleaderscircle.ca\",\"description\":\"\",\"potentialAction\":[{\"@type\":\"SearchAction\",\"target\":{\"@type\":\"EntryPoint\",\"urlTemplate\":\"https:\/\/theleaderscircle.ca\/?s={search_term_string}\"},\"query-input\":{\"@type\":\"PropertyValueSpecification\",\"valueRequired\":true,\"valueName\":\"search_term_string\"}}],\"inLanguage\":\"fr-FR\"}]}<\/script>\n<!-- \/ Yoast SEO plugin. -->","yoast_head_json":{"title":"How We Can Help | The Leaders Circle","description":"Leaders Circle provides complimentary support and advice from meeting professionals from the bidding process through to execution of your conference.","robots":{"index":"index","follow":"follow","max-snippet":"max-snippet:-1","max-image-preview":"max-image-preview:large","max-video-preview":"max-video-preview:-1"},"canonical":"https:\/\/theleaderscircle.ca\/fr\/services\/","og_locale":"fr_FR","og_type":"article","og_title":"How We Can Help | The Leaders Circle","og_description":"Leaders Circle provides complimentary support and advice from meeting professionals from the bidding process through to execution of your conference.","og_url":"https:\/\/theleaderscircle.ca\/fr\/services\/","og_site_name":"theleaderscircle.ca","article_modified_time":"2024-05-21T17:06:11+00:00","og_image":[{"width":1366,"height":570,"url":"https:\/\/theleaderscircle.ca\/wp-content\/uploads\/2023\/09\/Exhibition-Hall-017.png","type":"image\/png"}],"twitter_card":"summary_large_image","twitter_title":"How We Can Help | The Leaders Circle","twitter_description":"Leaders Circle provides complimentary support and advice from meeting professionals from the bidding process through to execution of your conference.","twitter_image":"https:\/\/theleaderscircle.ca\/wp-content\/uploads\/2023\/09\/Exhibition-Hall-017.png","twitter_misc":{"Dur\u00e9e de lecture estim\u00e9e":"5 minutes"},"schema":{"@context":"https:\/\/schema.org","@graph":[{"@type":"WebPage","@id":"https:\/\/theleaderscircle.ca\/fr\/services\/","url":"https:\/\/theleaderscircle.ca\/fr\/services\/","name":"How We Can Help | The Leaders Circle","isPartOf":{"@id":"https:\/\/theleaderscircle.ca\/#website"},"primaryImageOfPage":{"@id":"https:\/\/theleaderscircle.ca\/fr\/services\/#primaryimage"},"image":{"@id":"https:\/\/theleaderscircle.ca\/fr\/services\/#primaryimage"},"thumbnailUrl":"https:\/\/theleaderscircle.ca\/wp-content\/uploads\/2024\/05\/CL_09804.jpg","datePublished":"2023-09-13T14:00:43+00:00","dateModified":"2024-05-21T17:06:11+00:00","description":"Leaders Circle provides complimentary support and advice from meeting professionals from the bidding process through to execution of your conference.","inLanguage":"fr-FR","potentialAction":[{"@type":"ReadAction","target":["https:\/\/theleaderscircle.ca\/fr\/services\/"]}]},{"@type":"ImageObject","inLanguage":"fr-FR","@id":"https:\/\/theleaderscircle.ca\/fr\/services\/#primaryimage","url":"https:\/\/theleaderscircle.ca\/wp-content\/uploads\/2024\/05\/CL_09804.jpg","contentUrl":"https:\/\/theleaderscircle.ca\/wp-content\/uploads\/2024\/05\/CL_09804.jpg"},{"@type":"WebSite","@id":"https:\/\/theleaderscircle.ca\/#website","url":"https:\/\/theleaderscircle.ca\/","name":"theleaderscircle.ca","description":"","potentialAction":[{"@type":"SearchAction","target":{"@type":"EntryPoint","urlTemplate":"https:\/\/theleaderscircle.ca\/?s={search_term_string}"},"query-input":{"@type":"PropertyValueSpecification","valueRequired":true,"valueName":"search_term_string"}}],"inLanguage":"fr-FR"}]}},"_links":{"self":[{"href":"https:\/\/theleaderscircle.ca\/fr\/wp-json\/wp\/v2\/pages\/1173","targetHints":{"allow":["GET"]}}],"collection":[{"href":"https:\/\/theleaderscircle.ca\/fr\/wp-json\/wp\/v2\/pages"}],"about":[{"href":"https:\/\/theleaderscircle.ca\/fr\/wp-json\/wp\/v2\/types\/page"}],"author":[{"embeddable":true,"href":"https:\/\/theleaderscircle.ca\/fr\/wp-json\/wp\/v2\/users\/3"}],"replies":[{"embeddable":true,"href":"https:\/\/theleaderscircle.ca\/fr\/wp-json\/wp\/v2\/comments?post=1173"}],"version-history":[{"count":7,"href":"https:\/\/theleaderscircle.ca\/fr\/wp-json\/wp\/v2\/pages\/1173\/revisions"}],"predecessor-version":[{"id":1672,"href":"https:\/\/theleaderscircle.ca\/fr\/wp-json\/wp\/v2\/pages\/1173\/revisions\/1672"}],"wp:attachment":[{"href":"https:\/\/theleaderscircle.ca\/fr\/wp-json\/wp\/v2\/media?parent=1173"}],"curies":[{"name":"wp","href":"https:\/\/api.w.org\/{rel}","templated":true}]}}