{"id":1169,"date":"2023-09-13T14:01:35","date_gmt":"2023-09-13T14:01:35","guid":{"rendered":"https:\/\/theleaderscircle.ca\/partners\/"},"modified":"2024-05-22T14:35:26","modified_gmt":"2024-05-22T14:35:26","slug":"partners","status":"publish","type":"page","link":"https:\/\/theleaderscircle.ca\/fr\/partners\/","title":{"rendered":"Partenaires"},"content":{"rendered":"\n<div class=\"wp-block-group\"><div class=\"wp-block-group__inner-container is-layout-constrained wp-block-group-is-layout-constrained\"><section class=\"arrow-style-chevron arrow-border-style-circle arrow-position-sides overlay-v2  desktop wp-block-gb-for-slick-slider-slick-slider\" data-slick=\"{&quot;dots&quot;:false,&quot;arrows&quot;:false,&quot;slidesToShow&quot;:1,&quot;slidesToScroll&quot;:1,&quot;infinite&quot;:false,&quot;adaptiveHeight&quot;:false,&quot;autoplay&quot;:false,&quot;autoplaySpeed&quot;:1500,&quot;fade&quot;:false,&quot;speed&quot;:1000,&quot;centerMode&quot;:false,&quot;responsive&quot;:[{&quot;breakpoint&quot;:1024,&quot;settings&quot;:{&quot;slidesToShow&quot;:&quot;1&quot;,&quot;slidesToScroll&quot;:1,&quot;arrows&quot;:false,&quot;dots&quot;:false}},{&quot;breakpoint&quot;:768,&quot;settings&quot;:{&quot;slidesToShow&quot;:&quot;1&quot;,&quot;slidesToScroll&quot;:1,&quot;arrows&quot;:false,&quot;dots&quot;:false}},{&quot;breakpoint&quot;:600,&quot;settings&quot;:{&quot;slidesToShow&quot;:1,&quot;slidesToScroll&quot;:1,&quot;arrows&quot;:false,&quot;dots&quot;:false}},{&quot;breakpoint&quot;:480,&quot;settings&quot;:{&quot;slidesToShow&quot;:1,&quot;slidesToScroll&quot;:1,&quot;arrows&quot;:false,&quot;dots&quot;:false}}]}\" style=\"--arrow-bg-color: #ffffff00;--arrow-color: #d3d1d1; --arrow-font-size: 20px; --arrow-height: 40px;\">\r\n\t\n<div style=\"margin-right:0px;margin-left:0px\" class=\"wp-block-gb-for-slick-slider-slick-slider-item is-layout-flow wp-block-gb-for-slick-slider-slick-slider-item-is-layout-flow\">\n<div class=\"wp-block-cover is-light\"><span aria-hidden=\"true\" class=\"wp-block-cover__background has-background-dim-0 has-background-dim\"><\/span><img loading=\"lazy\" decoding=\"async\" width=\"1920\" height=\"864\" class=\"wp-block-cover__image-background wp-image-1398\" alt=\"\" src=\"https:\/\/theleaderscircle.ca\/wp-content\/uploads\/2024\/01\/City_Hall_Toronto-Sign_0014_1920.jpg\" style=\"object-position:40% 70%\" data-object-fit=\"cover\" data-object-position=\"40% 70%\"\/><div class=\"wp-block-cover__inner-container is-layout-flow wp-block-cover-is-layout-flow\">\n<p><\/p>\n<\/div><\/div>\n<\/div>\n<\/section>\r\n\n\n\n<div class=\"wp-block-group hero-overlay partners-overlay\"><div class=\"wp-block-group__inner-container is-layout-constrained wp-block-group-is-layout-constrained\">\n<p><\/p>\n\n\n\n<p><\/p>\n\n\n\n<p><\/p>\n\n\n\n<h1 class=\"wp-block-heading has-text-align-left has-black-color has-text-color\" style=\"font-size:50px;font-style:normal;font-weight:700;text-transform:uppercase\">Partenaires<\/h1>\n<\/div><\/div>\n<\/div><\/div>\n\n\n\n<p class=\"seven-nine-three-container partner-top-copy\">Nos partenaires repr\u00e9sentent une grande partie de la raison pour laquelle nous sommes en mesure de pr\u00e9senter des soumissions r\u00e9ussies. En travaillant avec Leaders Circle, vous avez acc\u00e8s \u00e0 des services de soutien de classe mondiale, offerts par de professionnels en planification de r\u00e9unions qui sont passionn\u00e9s par l\u2019organisation d\u2019\u00e9v\u00e9nements exceptionnels et qui remportent des appels d\u2019offres internationaux.<\/p>\n\n\n\n<div class=\"wp-block-columns are-vertically-aligned-top partner-box thousand-hundred-container is-layout-flex wp-container-core-columns-is-layout-9d6595d7 wp-block-columns-is-layout-flex\">\n<div class=\"wp-block-column is-vertically-aligned-top is-layout-flow wp-block-column-is-layout-flow\" style=\"flex-basis:33.33%\">\n<figure class=\"wp-block-image size-full is-resized partner-image\"><img loading=\"lazy\" decoding=\"async\" width=\"720\" height=\"270\" src=\"https:\/\/theleaderscircle.ca\/wp-content\/uploads\/2023\/10\/MTCC-logo@3x.png\" alt=\"\" class=\"wp-image-977\" style=\"object-fit:contain;width:240px;height:90px\"\/><\/figure>\n<\/div>\n\n\n\n<div class=\"wp-block-column is-vertically-aligned-top is-layout-flow wp-block-column-is-layout-flow\" style=\"flex-basis:66.66%\">\n<h2 class=\"wp-block-heading\" style=\"font-size:20px;font-style:normal;font-weight:700;text-transform:uppercase\">Palais des congr\u00e8s du Toronto m\u00e9tropolitain<\/h2>\n\n\n\n<p>Le Palais des congr\u00e8s du Toronto m\u00e9tropolitain (PCTM) est l\u2019un des partenaires fondateurs de Leaders Circle, un organisme essentiel du gouvernement du Canada qui fait partie du minist\u00e8re du Tourisme, de la Culture et du Sport. Travaillant en \u00e9troite collaboration avec le PCTM depuis 2015, nous avons g\u00e9n\u00e9r\u00e9 d\u2019importantes retomb\u00e9es \u00e9conomiques de quelque 370&nbsp;millions de dollars pour Toronto et la r\u00e9gion.<\/p>\n<\/div>\n<\/div>\n\n\n\n<div class=\"wp-block-columns are-vertically-aligned-top partner-box thousand-hundred-container is-layout-flex wp-container-core-columns-is-layout-9d6595d7 wp-block-columns-is-layout-flex\">\n<div class=\"wp-block-column is-vertically-aligned-top is-layout-flow wp-block-column-is-layout-flow\" style=\"flex-basis:33.33%\">\n<figure class=\"wp-block-image size-full is-resized partner-image\"><img loading=\"lazy\" decoding=\"async\" width=\"750\" height=\"239\" src=\"https:\/\/theleaderscircle.ca\/wp-content\/uploads\/2023\/10\/Destination-TO-Logo@3x.png\" alt=\"\" class=\"wp-image-981\" style=\"object-fit:contain;width:250px;height:80px\"\/><\/figure>\n<\/div>\n\n\n\n<div class=\"wp-block-column is-vertically-aligned-top is-layout-flow wp-block-column-is-layout-flow\" style=\"flex-basis:66.66%\">\n<h2 class=\"wp-block-heading\" style=\"font-size:20px;font-style:normal;font-weight:700;text-transform:uppercase\">DESTINATION TORONTO<\/h2>\n\n\n\n<p>En tant que partenaire fondateur de Leaders Circle, Destination Toronto joue un r\u00f4le essentiel dans la tenue de r\u00e9unions internationales \u00e0 Toronto. Ses sp\u00e9cialistes offrent des services de soutien cruciaux pour les appels d\u2019offres de congr\u00e8s internationaux. Destination Toronto s\u2019occupe de tout, de la pr\u00e9paration du dossier de candidature \u00e0 l\u2019obtention de lettres d\u2019appui de tous les ordres de gouvernement. En collaboration avec les partenaires strat\u00e9giques du Palais des congr\u00e8s du Toronto m\u00e9tropolitain, nous nous engageons \u00e0 accro\u00eetre la pr\u00e9sence de Toronto sur le march\u00e9 international des congr\u00e8s.<\/p>\n<\/div>\n<\/div>\n\n\n\n<div style=\"height:40px\" aria-hidden=\"true\" class=\"wp-block-spacer\"><\/div>\n","protected":false},"excerpt":{"rendered":"<p>Partenaires Nos partenaires repr\u00e9sentent une grande partie de la raison pour laquelle nous sommes en mesure de pr\u00e9senter des soumissions r\u00e9ussies. En travaillant avec Leaders Circle, vous avez acc\u00e8s \u00e0 des services de soutien de classe mondiale, offerts par de professionnels en planification de r\u00e9unions qui sont passionn\u00e9s par l\u2019organisation d\u2019\u00e9v\u00e9nements exceptionnels et qui remportent [&hellip;]<\/p>\n","protected":false},"author":3,"featured_media":0,"parent":0,"menu_order":0,"comment_status":"closed","ping_status":"closed","template":"page-nosidebar.php","meta":{"_acf_changed":false,"footnotes":""},"class_list":["post-1169","page","type-page","status-publish","hentry"],"acf":[],"yoast_head":"<!-- This site is optimized with the Yoast SEO plugin v27.1.1 - https:\/\/yoast.com\/product\/yoast-seo-wordpress\/ -->\n<title>Our Trusted Partners | The Leaders Circle<\/title>\n<meta name=\"robots\" content=\"index, follow, max-snippet:-1, max-image-preview:large, max-video-preview:-1\" \/>\n<link rel=\"canonical\" href=\"https:\/\/theleaderscircle.ca\/fr\/partners\/\" \/>\n<meta property=\"og:locale\" content=\"fr_FR\" \/>\n<meta property=\"og:type\" content=\"article\" \/>\n<meta property=\"og:title\" content=\"Our Trusted Partners | The Leaders Circle\" \/>\n<meta property=\"og:description\" content=\"Partenaires Nos partenaires repr\u00e9sentent une grande partie de la raison pour laquelle nous sommes en mesure de pr\u00e9senter des soumissions r\u00e9ussies. En travaillant avec Leaders Circle, vous avez acc\u00e8s \u00e0 des services de soutien de classe mondiale, offerts par de professionnels en planification de r\u00e9unions qui sont passionn\u00e9s par l\u2019organisation d\u2019\u00e9v\u00e9nements exceptionnels et qui remportent [&hellip;]\" \/>\n<meta property=\"og:url\" content=\"https:\/\/theleaderscircle.ca\/fr\/partners\/\" \/>\n<meta property=\"og:site_name\" content=\"theleaderscircle.ca\" \/>\n<meta property=\"article:modified_time\" content=\"2024-05-22T14:35:26+00:00\" \/>\n<meta property=\"og:image\" content=\"https:\/\/theleaderscircle.ca\/wp-content\/uploads\/2023\/09\/Exhibition-Hall-017-min.png\" \/>\n\t<meta property=\"og:image:width\" content=\"1366\" \/>\n\t<meta property=\"og:image:height\" content=\"570\" \/>\n\t<meta property=\"og:image:type\" content=\"image\/png\" \/>\n<meta name=\"twitter:card\" content=\"summary_large_image\" \/>\n<meta name=\"twitter:title\" content=\"Our Trusted Partners | The Leaders Circle\" \/>\n<meta name=\"twitter:image\" content=\"https:\/\/theleaderscircle.ca\/wp-content\/uploads\/2023\/09\/Exhibition-Hall-017-min.png\" \/>\n<meta name=\"twitter:label1\" content=\"Dur\u00e9e de lecture estim\u00e9e\" \/>\n\t<meta name=\"twitter:data1\" content=\"2 minutes\" \/>\n<script type=\"application\/ld+json\" class=\"yoast-schema-graph\">{\"@context\":\"https:\/\/schema.org\",\"@graph\":[{\"@type\":\"WebPage\",\"@id\":\"https:\/\/theleaderscircle.ca\/fr\/partners\/\",\"url\":\"https:\/\/theleaderscircle.ca\/fr\/partners\/\",\"name\":\"Our Trusted Partners | The Leaders Circle\",\"isPartOf\":{\"@id\":\"https:\/\/theleaderscircle.ca\/#website\"},\"primaryImageOfPage\":{\"@id\":\"https:\/\/theleaderscircle.ca\/fr\/partners\/#primaryimage\"},\"image\":{\"@id\":\"https:\/\/theleaderscircle.ca\/fr\/partners\/#primaryimage\"},\"thumbnailUrl\":\"https:\/\/theleaderscircle.ca\/wp-content\/uploads\/2024\/01\/City_Hall_Toronto-Sign_0014_1920.jpg\",\"datePublished\":\"2023-09-13T14:01:35+00:00\",\"dateModified\":\"2024-05-22T14:35:26+00:00\",\"inLanguage\":\"fr-FR\",\"potentialAction\":[{\"@type\":\"ReadAction\",\"target\":[\"https:\/\/theleaderscircle.ca\/fr\/partners\/\"]}]},{\"@type\":\"ImageObject\",\"inLanguage\":\"fr-FR\",\"@id\":\"https:\/\/theleaderscircle.ca\/fr\/partners\/#primaryimage\",\"url\":\"https:\/\/theleaderscircle.ca\/wp-content\/uploads\/2024\/01\/City_Hall_Toronto-Sign_0014_1920.jpg\",\"contentUrl\":\"https:\/\/theleaderscircle.ca\/wp-content\/uploads\/2024\/01\/City_Hall_Toronto-Sign_0014_1920.jpg\"},{\"@type\":\"WebSite\",\"@id\":\"https:\/\/theleaderscircle.ca\/#website\",\"url\":\"https:\/\/theleaderscircle.ca\/\",\"name\":\"theleaderscircle.ca\",\"description\":\"\",\"potentialAction\":[{\"@type\":\"SearchAction\",\"target\":{\"@type\":\"EntryPoint\",\"urlTemplate\":\"https:\/\/theleaderscircle.ca\/?s={search_term_string}\"},\"query-input\":{\"@type\":\"PropertyValueSpecification\",\"valueRequired\":true,\"valueName\":\"search_term_string\"}}],\"inLanguage\":\"fr-FR\"}]}<\/script>\n<!-- \/ Yoast SEO plugin. -->","yoast_head_json":{"title":"Our Trusted Partners | The Leaders Circle","robots":{"index":"index","follow":"follow","max-snippet":"max-snippet:-1","max-image-preview":"max-image-preview:large","max-video-preview":"max-video-preview:-1"},"canonical":"https:\/\/theleaderscircle.ca\/fr\/partners\/","og_locale":"fr_FR","og_type":"article","og_title":"Our Trusted Partners | The Leaders Circle","og_description":"Partenaires Nos partenaires repr\u00e9sentent une grande partie de la raison pour laquelle nous sommes en mesure de pr\u00e9senter des soumissions r\u00e9ussies. En travaillant avec Leaders Circle, vous avez acc\u00e8s \u00e0 des services de soutien de classe mondiale, offerts par de professionnels en planification de r\u00e9unions qui sont passionn\u00e9s par l\u2019organisation d\u2019\u00e9v\u00e9nements exceptionnels et qui remportent [&hellip;]","og_url":"https:\/\/theleaderscircle.ca\/fr\/partners\/","og_site_name":"theleaderscircle.ca","article_modified_time":"2024-05-22T14:35:26+00:00","og_image":[{"width":1366,"height":570,"url":"https:\/\/theleaderscircle.ca\/wp-content\/uploads\/2023\/09\/Exhibition-Hall-017-min.png","type":"image\/png"}],"twitter_card":"summary_large_image","twitter_title":"Our Trusted Partners | The Leaders Circle","twitter_image":"https:\/\/theleaderscircle.ca\/wp-content\/uploads\/2023\/09\/Exhibition-Hall-017-min.png","twitter_misc":{"Dur\u00e9e de lecture estim\u00e9e":"2 minutes"},"schema":{"@context":"https:\/\/schema.org","@graph":[{"@type":"WebPage","@id":"https:\/\/theleaderscircle.ca\/fr\/partners\/","url":"https:\/\/theleaderscircle.ca\/fr\/partners\/","name":"Our Trusted Partners | The Leaders Circle","isPartOf":{"@id":"https:\/\/theleaderscircle.ca\/#website"},"primaryImageOfPage":{"@id":"https:\/\/theleaderscircle.ca\/fr\/partners\/#primaryimage"},"image":{"@id":"https:\/\/theleaderscircle.ca\/fr\/partners\/#primaryimage"},"thumbnailUrl":"https:\/\/theleaderscircle.ca\/wp-content\/uploads\/2024\/01\/City_Hall_Toronto-Sign_0014_1920.jpg","datePublished":"2023-09-13T14:01:35+00:00","dateModified":"2024-05-22T14:35:26+00:00","inLanguage":"fr-FR","potentialAction":[{"@type":"ReadAction","target":["https:\/\/theleaderscircle.ca\/fr\/partners\/"]}]},{"@type":"ImageObject","inLanguage":"fr-FR","@id":"https:\/\/theleaderscircle.ca\/fr\/partners\/#primaryimage","url":"https:\/\/theleaderscircle.ca\/wp-content\/uploads\/2024\/01\/City_Hall_Toronto-Sign_0014_1920.jpg","contentUrl":"https:\/\/theleaderscircle.ca\/wp-content\/uploads\/2024\/01\/City_Hall_Toronto-Sign_0014_1920.jpg"},{"@type":"WebSite","@id":"https:\/\/theleaderscircle.ca\/#website","url":"https:\/\/theleaderscircle.ca\/","name":"theleaderscircle.ca","description":"","potentialAction":[{"@type":"SearchAction","target":{"@type":"EntryPoint","urlTemplate":"https:\/\/theleaderscircle.ca\/?s={search_term_string}"},"query-input":{"@type":"PropertyValueSpecification","valueRequired":true,"valueName":"search_term_string"}}],"inLanguage":"fr-FR"}]}},"_links":{"self":[{"href":"https:\/\/theleaderscircle.ca\/fr\/wp-json\/wp\/v2\/pages\/1169","targetHints":{"allow":["GET"]}}],"collection":[{"href":"https:\/\/theleaderscircle.ca\/fr\/wp-json\/wp\/v2\/pages"}],"about":[{"href":"https:\/\/theleaderscircle.ca\/fr\/wp-json\/wp\/v2\/types\/page"}],"author":[{"embeddable":true,"href":"https:\/\/theleaderscircle.ca\/fr\/wp-json\/wp\/v2\/users\/3"}],"replies":[{"embeddable":true,"href":"https:\/\/theleaderscircle.ca\/fr\/wp-json\/wp\/v2\/comments?post=1169"}],"version-history":[{"count":9,"href":"https:\/\/theleaderscircle.ca\/fr\/wp-json\/wp\/v2\/pages\/1169\/revisions"}],"predecessor-version":[{"id":1677,"href":"https:\/\/theleaderscircle.ca\/fr\/wp-json\/wp\/v2\/pages\/1169\/revisions\/1677"}],"wp:attachment":[{"href":"https:\/\/theleaderscircle.ca\/fr\/wp-json\/wp\/v2\/media?parent=1169"}],"curies":[{"name":"wp","href":"https:\/\/api.w.org\/{rel}","templated":true}]}}