{"id":1168,"date":"2023-09-13T14:01:50","date_gmt":"2023-09-13T14:01:50","guid":{"rendered":"https:\/\/theleaderscircle.ca\/toronto\/"},"modified":"2023-12-11T17:11:24","modified_gmt":"2023-12-11T17:11:24","slug":"toronto","status":"publish","type":"page","link":"https:\/\/theleaderscircle.ca\/fr\/toronto\/","title":{"rendered":"Toronto"},"content":{"rendered":"<section class=\"arrow-style-chevron arrow-border-style-circle arrow-position-sides benefits-overlay desktop wp-block-gb-for-slick-slider-slick-slider\" data-slick=\"{&quot;dots&quot;:false,&quot;arrows&quot;:false,&quot;slidesToShow&quot;:1,&quot;slidesToScroll&quot;:1,&quot;infinite&quot;:false,&quot;adaptiveHeight&quot;:false,&quot;autoplay&quot;:false,&quot;autoplaySpeed&quot;:1500,&quot;fade&quot;:false,&quot;speed&quot;:1000,&quot;centerMode&quot;:false,&quot;responsive&quot;:[{&quot;breakpoint&quot;:1024,&quot;settings&quot;:{&quot;slidesToShow&quot;:&quot;1&quot;,&quot;slidesToScroll&quot;:1,&quot;arrows&quot;:false,&quot;dots&quot;:false}},{&quot;breakpoint&quot;:768,&quot;settings&quot;:{&quot;slidesToShow&quot;:&quot;1&quot;,&quot;slidesToScroll&quot;:1,&quot;arrows&quot;:false,&quot;dots&quot;:false}},{&quot;breakpoint&quot;:600,&quot;settings&quot;:{&quot;slidesToShow&quot;:1,&quot;slidesToScroll&quot;:1,&quot;arrows&quot;:false,&quot;dots&quot;:false}},{&quot;breakpoint&quot;:480,&quot;settings&quot;:{&quot;slidesToShow&quot;:1,&quot;slidesToScroll&quot;:1,&quot;arrows&quot;:false,&quot;dots&quot;:false}}]}\" style=\"--arrow-bg-color: #ffffff00;--arrow-color: #d3d1d1; --arrow-font-size: 20px; --arrow-height: 40px;\">\r\n\t\n<div style=\"margin-right:0px;margin-left:0px\" class=\"wp-block-gb-for-slick-slider-slick-slider-item is-layout-flow wp-block-gb-for-slick-slider-slick-slider-item-is-layout-flow\">\n<div class=\"wp-block-cover is-light\"><span aria-hidden=\"true\" class=\"wp-block-cover__background has-background-dim-0 has-background-dim\"><\/span><img loading=\"lazy\" decoding=\"async\" width=\"2732\" height=\"950\" class=\"wp-block-cover__image-background wp-image-1027\" alt=\"\" src=\"https:\/\/theleaderscircle.ca\/wp-content\/uploads\/2023\/10\/A035_C010_20200916_R00313-Edit@2x.jpg\" data-object-fit=\"cover\"\/><div class=\"wp-block-cover__inner-container is-layout-flow wp-block-cover-is-layout-flow\">\n<p><\/p>\n<\/div><\/div>\n<\/div>\n<\/section>\r\n\n\n\n<div class=\"wp-block-group hero-overlay toronto-overlay\"><div class=\"wp-block-group__inner-container is-layout-constrained wp-block-group-is-layout-constrained\">\n<h1 class=\"wp-block-heading has-text-align-left has-black-color has-text-color\" style=\"font-size:48px;font-style:normal;font-weight:700;text-transform:uppercase\">Pourquoi choisir Toronto?<\/h1>\n<\/div><\/div>\n\n\n\n<div class=\"wp-block-columns is-layout-flex wp-container-core-columns-is-layout-9d6595d7 wp-block-columns-is-layout-flex\">\n<div class=\"wp-block-column is-layout-flow wp-block-column-is-layout-flow\">\n<div class=\"wp-block-cover is-light toronto-image\"><span aria-hidden=\"true\" class=\"wp-block-cover__background has-background-dim-0 has-background-dim\"><\/span><img loading=\"lazy\" decoding=\"async\" width=\"700\" height=\"587\" class=\"wp-block-cover__image-background wp-image-582\" alt=\"\" src=\"https:\/\/theleaderscircle.ca\/wp-content\/uploads\/2023\/09\/City_Hall_Toronto-Sign_0006.png\" style=\"object-position:85% 0%\" data-object-fit=\"cover\" data-object-position=\"85% 0%\"\/><div class=\"wp-block-cover__inner-container is-layout-flow wp-block-cover-is-layout-flow\">\n<div class=\"wp-block-columns are-vertically-aligned-top is-layout-flex wp-container-core-columns-is-layout-9d6595d7 wp-block-columns-is-layout-flex\">\n<div class=\"wp-block-column is-vertically-aligned-top tile rounded-edge-tile no-cta rounded-edge-tile-v9 has-white-background-color has-background is-layout-flow wp-block-column-is-layout-flow\" style=\"flex-basis:45%\">\n<h2 class=\"wp-block-heading has-black-color has-text-color\" style=\"font-size:28px;font-style:normal;font-weight:700;text-transform:uppercase\">Braquez les projecteurs sur Toronto<\/h2>\n\n\n\n<div class=\"header-bars\">\n<div class=\"top-bar\"><\/div>\n<div class=\"bottom-bar\"><\/div>\n<\/div>\n\n\n\n<p class=\"has-black-color has-text-color\" style=\"font-size:16px\">Toronto, en tant que plus grande ville du Canada et quatri\u00e8me m\u00e9tropole d\u2019Am\u00e9rique du Nord, se distingue par sa population diversifi\u00e9e et multiculturelle. Organisez votre rencontre dans une ville o\u00f9 les diff\u00e9rentes perspectives sont non seulement c\u00e9l\u00e9br\u00e9es, mais remix\u00e9es. Ici, des fusions infinies de cultures et d\u2019id\u00e9es ouvrent les esprits et donnent de nouvelles perspectives \u00e0 votre organisation.<\/p>\n\n\n\n<p class=\"has-black-color has-text-color\" style=\"font-size:16px\">Toronto exerce une influence mondiale de premier plan dans de multiples secteurs \u00e9conomiques et poss\u00e8de une culture de jeunes entreprises en plein essor. Les salles de congr\u00e8s et d\u2019\u00e9v\u00e9nements de la ville combinent des installations ultramodernes avec des loisirs de classe mondiale. La ville propose une grande vari\u00e9t\u00e9 d\u2019exp\u00e9riences uniques, des restaurants exceptionnels et des s\u00e9jours m\u00e9morables.<\/p>\n<\/div>\n\n\n\n<div class=\"wp-block-column is-vertically-aligned-top is-layout-flow wp-block-column-is-layout-flow\"><\/div>\n\n\n\n<div class=\"wp-block-column is-vertically-aligned-top is-layout-flow wp-block-column-is-layout-flow\"><\/div>\n<\/div>\n<\/div><\/div>\n<\/div>\n<\/div>\n\n\n\n<div class=\"wp-block-columns seven-nine-three-container more-to-discover is-layout-flex wp-container-core-columns-is-layout-9d6595d7 wp-block-columns-is-layout-flex\">\n<div class=\"wp-block-column is-layout-flow wp-block-column-is-layout-flow\" style=\"flex-basis:33.33%\">\n<h2 class=\"wp-block-heading\" style=\"font-style:normal;font-weight:700;text-transform:uppercase\">Plus \u00e0 d\u00e9couvrir<\/h2>\n\n\n\n<div class=\"header-bars\">\n<div class=\"top-bar\"><\/div>\n<div class=\"bottom-bar\"><\/div>\n<\/div>\n<\/div>\n\n\n\n<div class=\"wp-block-column is-vertically-aligned-center is-layout-flow wp-block-column-is-layout-flow\" style=\"flex-basis:66.66%\">\n<p class=\"desktop\"><\/p>\n\n\n\n<div style=\"height:25px\" aria-hidden=\"true\" class=\"wp-block-spacer desktop\"><\/div>\n\n\n\n<p>Pour obtenir de plus amples renseignements, veuillez visiter Destination Toronto \u00e0 <a href=\"https:\/\/www.destinationtoronto.com\/meetings\/\" target=\"_blank\" rel=\"noreferrer noopener\">https:\/\/www.destinationtoronto.com\/meetings\/<\/a>. <\/p>\n<\/div>\n<\/div>\n\n\n\n<div class=\"wp-block-columns seven-nine-three-container desktop is-layout-flex wp-container-core-columns-is-layout-9d6595d7 wp-block-columns-is-layout-flex\">\n<div class=\"wp-block-column is-vertically-aligned-center is-layout-flow wp-block-column-is-layout-flow\">\n<figure class=\"wp-block-image size-full is-resized\"><img loading=\"lazy\" decoding=\"async\" width=\"90\" height=\"100\" src=\"https:\/\/theleaderscircle.ca\/wp-content\/uploads\/2023\/10\/Tech-Icon-1@2x.png\" alt=\"\" class=\"wp-image-1043\" style=\"object-fit:contain;width:undefinedpx;height:61px\"\/><\/figure>\n\n\n\n<h2 class=\"wp-block-heading\" style=\"font-size:16px;font-style:normal;font-weight:700;text-transform:capitalize\"><strong>Sciences de la vie<\/strong><\/h2>\n\n\n\n<p>Toronto poss\u00e8de le plus grand secteur combin\u00e9 des sciences de la vie au Canada<\/p>\n<\/div>\n\n\n\n<div class=\"wp-block-column is-layout-flow wp-block-column-is-layout-flow\">\n<figure class=\"wp-block-image size-full is-resized\"><img loading=\"lazy\" decoding=\"async\" width=\"100\" height=\"100\" src=\"https:\/\/theleaderscircle.ca\/wp-content\/uploads\/2023\/10\/Tech-Icon@2x.png\" alt=\"\" class=\"wp-image-1046\" style=\"object-fit:contain;width:undefinedpx;height:61px\"\/><\/figure>\n\n\n\n<h2 class=\"wp-block-heading\" style=\"font-size:16px;font-style:normal;font-weight:700;text-transform:capitalize\"><strong>Technologies<\/strong><\/h2>\n\n\n\n<p>Toronto est le march\u00e9 technologique qui conna\u00eet la croissance la plus rapide en Am\u00e9rique du Nord.<\/p>\n<\/div>\n\n\n\n<div class=\"wp-block-column is-layout-flow wp-block-column-is-layout-flow\">\n<figure class=\"wp-block-image size-full is-resized\"><img loading=\"lazy\" decoding=\"async\" width=\"100\" height=\"100\" src=\"https:\/\/theleaderscircle.ca\/wp-content\/uploads\/2023\/10\/Gears@2x.png\" alt=\"\" class=\"wp-image-1048\" style=\"object-fit:contain;width:undefinedpx;height:61px\"\/><\/figure>\n\n\n\n<h2 class=\"wp-block-heading\" style=\"font-size:16px;font-style:normal;font-weight:700;text-transform:capitalize\"><strong>Fabrication de pointe<\/strong><\/h2>\n\n\n\n<p>Toronto est au centre d\u2019une r\u00e9gion de fabrication de pointe qui stimule 20\u00a0% de l\u2019\u00e9conomie canadienne.<\/p>\n<\/div>\n\n\n\n<div class=\"wp-block-column is-layout-flow wp-block-column-is-layout-flow\">\n<figure class=\"wp-block-image size-full is-resized\"><img loading=\"lazy\" decoding=\"async\" width=\"120\" height=\"84\" src=\"https:\/\/theleaderscircle.ca\/wp-content\/uploads\/2023\/10\/Finance@2x.png\" alt=\"\" class=\"wp-image-1050\" style=\"object-fit:contain;width:undefinedpx;height:61px\"\/><\/figure>\n\n\n\n<h2 class=\"wp-block-heading\" style=\"font-size:16px;font-style:normal;font-weight:700;text-transform:capitalize\"><strong>Finances<\/strong><\/h2>\n\n\n\n<p>Toronto est le deuxi\u00e8me centre financier en importance en Am\u00e9rique du Nord.<\/p>\n<\/div>\n<\/div>\n\n\n\n<div class=\"wp-block-columns is-not-stacked-on-mobile seven-nine-three-container mobile is-layout-flex wp-container-core-columns-is-layout-9d6595d7 wp-block-columns-is-layout-flex\">\n<div class=\"wp-block-column is-vertically-aligned-center toronto-mobile-half is-layout-flow wp-block-column-is-layout-flow\">\n<figure class=\"wp-block-image size-full is-resized\"><img loading=\"lazy\" decoding=\"async\" width=\"90\" height=\"100\" src=\"https:\/\/theleaderscircle.ca\/wp-content\/uploads\/2023\/10\/Tech-Icon-1@2x.png\" alt=\"\" class=\"wp-image-1043\" style=\"object-fit:contain;width:undefinedpx;height:61px\"\/><\/figure>\n\n\n\n<h2 class=\"wp-block-heading\" style=\"font-size:16px;font-style:normal;font-weight:700;text-transform:capitalize\"><strong>Sciences de la vie<\/strong><\/h2>\n\n\n\n<p>Toronto poss\u00e8de le plus grand secteur combin\u00e9 des sciences de la vie au Canada<\/p>\n<\/div>\n\n\n\n<div class=\"wp-block-column toronto-mobile-half is-layout-flow wp-block-column-is-layout-flow\">\n<figure class=\"wp-block-image size-full is-resized\"><img loading=\"lazy\" decoding=\"async\" width=\"100\" height=\"100\" src=\"https:\/\/theleaderscircle.ca\/wp-content\/uploads\/2023\/10\/Tech-Icon@2x.png\" alt=\"\" class=\"wp-image-1046\" style=\"object-fit:contain;width:undefinedpx;height:61px\"\/><\/figure>\n\n\n\n<h2 class=\"wp-block-heading\" style=\"font-size:16px;font-style:normal;font-weight:700;text-transform:capitalize\"><strong>Technologies<\/strong><\/h2>\n\n\n\n<p>Toronto est le march\u00e9 technologique qui conna\u00eet la croissance la plus rapide en Am\u00e9rique du Nord.<\/p>\n<\/div>\n<\/div>\n\n\n\n<div class=\"wp-block-columns is-not-stacked-on-mobile seven-nine-three-container mobile is-layout-flex wp-container-core-columns-is-layout-9d6595d7 wp-block-columns-is-layout-flex\">\n<div class=\"wp-block-column toronto-mobile-half is-layout-flow wp-block-column-is-layout-flow\">\n<figure class=\"wp-block-image size-full is-resized\"><img loading=\"lazy\" decoding=\"async\" width=\"100\" height=\"100\" src=\"https:\/\/theleaderscircle.ca\/wp-content\/uploads\/2023\/10\/Gears@2x.png\" alt=\"\" class=\"wp-image-1048\" style=\"object-fit:contain;width:undefinedpx;height:61px\"\/><\/figure>\n\n\n\n<h2 class=\"wp-block-heading\" style=\"font-size:16px;font-style:normal;font-weight:700;text-transform:capitalize\"><strong>Fabrication de pointe<\/strong><\/h2>\n\n\n\n<p>Toronto est au centre d\u2019une r\u00e9gion de fabrication de pointe qui stimule 20\u00a0% de l\u2019\u00e9conomie canadienne.<\/p>\n<\/div>\n\n\n\n<div class=\"wp-block-column toronto-mobile-half is-layout-flow wp-block-column-is-layout-flow\">\n<figure class=\"wp-block-image size-full is-resized\"><img loading=\"lazy\" decoding=\"async\" width=\"120\" height=\"84\" src=\"https:\/\/theleaderscircle.ca\/wp-content\/uploads\/2023\/10\/Finance@2x.png\" alt=\"\" class=\"wp-image-1050\" style=\"object-fit:contain;width:undefinedpx;height:61px\"\/><\/figure>\n\n\n\n<h2 class=\"wp-block-heading\" style=\"font-size:16px;font-style:normal;font-weight:700;text-transform:capitalize\"><strong>Finances<\/strong><\/h2>\n\n\n\n<p>Toronto est le deuxi\u00e8me centre financier en importance en Am\u00e9rique du Nord.<\/p>\n<\/div>\n<\/div>\n\n\n\n<div class=\"wp-block-columns mobile-padding is-layout-flex wp-container-core-columns-is-layout-9d6595d7 wp-block-columns-is-layout-flex\">\n<div class=\"wp-block-column is-layout-flow wp-block-column-is-layout-flow\">\n<div class=\"wp-block-buttons is-content-justification-center is-layout-flex wp-container-core-buttons-is-layout-16018d1d wp-block-buttons-is-layout-flex\">\n<div class=\"wp-block-button\"><a class=\"wp-block-button__link has-text-align-left wp-element-button\" href=\"http:\/\/www.seetorontonow.com\/\" target=\"_blank\" rel=\"noreferrer noopener\">Poursuivez votre exploration<\/a><\/div>\n<\/div>\n<\/div>\n<\/div>\n\n\n\n<div style=\"height:60px\" aria-hidden=\"true\" class=\"wp-block-spacer\"><\/div>\n\n\n\n<figure class=\"wp-block-image alignfull size-full toronto-bottom-banner desktop\"><img loading=\"lazy\" decoding=\"async\" width=\"2732\" height=\"456\" src=\"https:\/\/theleaderscircle.ca\/wp-content\/uploads\/2023\/10\/167-3-2254_tif-copy@2x.jpg\" alt=\"\" class=\"wp-image-1024\"\/><\/figure>\n","protected":false},"excerpt":{"rendered":"<p>Pourquoi choisir Toronto? Plus \u00e0 d\u00e9couvrir Pour obtenir de plus amples renseignements, veuillez visiter Destination Toronto \u00e0 https:\/\/www.destinationtoronto.com\/meetings\/. Sciences de la vie Toronto poss\u00e8de le plus grand secteur combin\u00e9 des sciences de la vie au Canada Technologies Toronto est le march\u00e9 technologique qui conna\u00eet la croissance la plus rapide en Am\u00e9rique du Nord. Fabrication de [&hellip;]<\/p>\n","protected":false},"author":3,"featured_media":0,"parent":0,"menu_order":0,"comment_status":"closed","ping_status":"closed","template":"page-nosidebar.php","meta":{"_acf_changed":false,"footnotes":""},"class_list":["post-1168","page","type-page","status-publish","hentry"],"acf":[],"yoast_head":"<!-- This site is optimized with the Yoast SEO plugin v27.1.1 - https:\/\/yoast.com\/product\/yoast-seo-wordpress\/ -->\n<title>Why Choose Toronto | The Leaders Circle<\/title>\n<meta name=\"description\" content=\"Toronto has a history of hosting successful international events. It is a meeting destination like no other in the world.\" \/>\n<meta name=\"robots\" content=\"index, follow, max-snippet:-1, max-image-preview:large, max-video-preview:-1\" \/>\n<link rel=\"canonical\" href=\"https:\/\/theleaderscircle.ca\/fr\/toronto\/\" \/>\n<meta property=\"og:locale\" content=\"fr_FR\" \/>\n<meta property=\"og:type\" content=\"article\" \/>\n<meta property=\"og:title\" content=\"Why Choose Toronto | The Leaders Circle\" \/>\n<meta property=\"og:description\" content=\"Toronto has a history of hosting successful international events. It is a meeting destination like no other in the world.\" \/>\n<meta property=\"og:url\" content=\"https:\/\/theleaderscircle.ca\/fr\/toronto\/\" \/>\n<meta property=\"og:site_name\" content=\"theleaderscircle.ca\" \/>\n<meta property=\"article:modified_time\" content=\"2023-12-11T17:11:24+00:00\" \/>\n<meta property=\"og:image\" content=\"https:\/\/theleaderscircle.ca\/wp-content\/uploads\/2023\/09\/Exhibition-Hall-017-min.png\" \/>\n\t<meta property=\"og:image:width\" content=\"1366\" \/>\n\t<meta property=\"og:image:height\" content=\"570\" \/>\n\t<meta property=\"og:image:type\" content=\"image\/png\" \/>\n<meta name=\"twitter:card\" content=\"summary_large_image\" \/>\n<meta name=\"twitter:title\" content=\"Why Choose Toronto | The Leaders Circle\" \/>\n<meta name=\"twitter:description\" content=\"Toronto has a history of hosting successful international events. It is a meeting destination like no other in the world.\" \/>\n<meta name=\"twitter:image\" content=\"https:\/\/theleaderscircle.ca\/wp-content\/uploads\/2023\/09\/Exhibition-Hall-017-min.png\" \/>\n<meta name=\"twitter:label1\" content=\"Dur\u00e9e de lecture estim\u00e9e\" \/>\n\t<meta name=\"twitter:data1\" content=\"4 minutes\" \/>\n<script type=\"application\/ld+json\" class=\"yoast-schema-graph\">{\"@context\":\"https:\/\/schema.org\",\"@graph\":[{\"@type\":\"WebPage\",\"@id\":\"https:\/\/theleaderscircle.ca\/fr\/toronto\/\",\"url\":\"https:\/\/theleaderscircle.ca\/fr\/toronto\/\",\"name\":\"Why Choose Toronto | The Leaders Circle\",\"isPartOf\":{\"@id\":\"https:\/\/theleaderscircle.ca\/#website\"},\"primaryImageOfPage\":{\"@id\":\"https:\/\/theleaderscircle.ca\/fr\/toronto\/#primaryimage\"},\"image\":{\"@id\":\"https:\/\/theleaderscircle.ca\/fr\/toronto\/#primaryimage\"},\"thumbnailUrl\":\"https:\/\/theleaderscircle.ca\/wp-content\/uploads\/2023\/10\/A035_C010_20200916_R00313-Edit@2x.jpg\",\"datePublished\":\"2023-09-13T14:01:50+00:00\",\"dateModified\":\"2023-12-11T17:11:24+00:00\",\"description\":\"Toronto has a history of hosting successful international events. It is a meeting destination like no other in the world.\",\"inLanguage\":\"fr-FR\",\"potentialAction\":[{\"@type\":\"ReadAction\",\"target\":[\"https:\/\/theleaderscircle.ca\/fr\/toronto\/\"]}]},{\"@type\":\"ImageObject\",\"inLanguage\":\"fr-FR\",\"@id\":\"https:\/\/theleaderscircle.ca\/fr\/toronto\/#primaryimage\",\"url\":\"https:\/\/theleaderscircle.ca\/wp-content\/uploads\/2023\/10\/A035_C010_20200916_R00313-Edit@2x.jpg\",\"contentUrl\":\"https:\/\/theleaderscircle.ca\/wp-content\/uploads\/2023\/10\/A035_C010_20200916_R00313-Edit@2x.jpg\"},{\"@type\":\"WebSite\",\"@id\":\"https:\/\/theleaderscircle.ca\/#website\",\"url\":\"https:\/\/theleaderscircle.ca\/\",\"name\":\"theleaderscircle.ca\",\"description\":\"\",\"potentialAction\":[{\"@type\":\"SearchAction\",\"target\":{\"@type\":\"EntryPoint\",\"urlTemplate\":\"https:\/\/theleaderscircle.ca\/?s={search_term_string}\"},\"query-input\":{\"@type\":\"PropertyValueSpecification\",\"valueRequired\":true,\"valueName\":\"search_term_string\"}}],\"inLanguage\":\"fr-FR\"}]}<\/script>\n<!-- \/ Yoast SEO plugin. -->","yoast_head_json":{"title":"Why Choose Toronto | The Leaders Circle","description":"Toronto has a history of hosting successful international events. It is a meeting destination like no other in the world.","robots":{"index":"index","follow":"follow","max-snippet":"max-snippet:-1","max-image-preview":"max-image-preview:large","max-video-preview":"max-video-preview:-1"},"canonical":"https:\/\/theleaderscircle.ca\/fr\/toronto\/","og_locale":"fr_FR","og_type":"article","og_title":"Why Choose Toronto | The Leaders Circle","og_description":"Toronto has a history of hosting successful international events. It is a meeting destination like no other in the world.","og_url":"https:\/\/theleaderscircle.ca\/fr\/toronto\/","og_site_name":"theleaderscircle.ca","article_modified_time":"2023-12-11T17:11:24+00:00","og_image":[{"width":1366,"height":570,"url":"https:\/\/theleaderscircle.ca\/wp-content\/uploads\/2023\/09\/Exhibition-Hall-017-min.png","type":"image\/png"}],"twitter_card":"summary_large_image","twitter_title":"Why Choose Toronto | The Leaders Circle","twitter_description":"Toronto has a history of hosting successful international events. It is a meeting destination like no other in the world.","twitter_image":"https:\/\/theleaderscircle.ca\/wp-content\/uploads\/2023\/09\/Exhibition-Hall-017-min.png","twitter_misc":{"Dur\u00e9e de lecture estim\u00e9e":"4 minutes"},"schema":{"@context":"https:\/\/schema.org","@graph":[{"@type":"WebPage","@id":"https:\/\/theleaderscircle.ca\/fr\/toronto\/","url":"https:\/\/theleaderscircle.ca\/fr\/toronto\/","name":"Why Choose Toronto | The Leaders Circle","isPartOf":{"@id":"https:\/\/theleaderscircle.ca\/#website"},"primaryImageOfPage":{"@id":"https:\/\/theleaderscircle.ca\/fr\/toronto\/#primaryimage"},"image":{"@id":"https:\/\/theleaderscircle.ca\/fr\/toronto\/#primaryimage"},"thumbnailUrl":"https:\/\/theleaderscircle.ca\/wp-content\/uploads\/2023\/10\/A035_C010_20200916_R00313-Edit@2x.jpg","datePublished":"2023-09-13T14:01:50+00:00","dateModified":"2023-12-11T17:11:24+00:00","description":"Toronto has a history of hosting successful international events. It is a meeting destination like no other in the world.","inLanguage":"fr-FR","potentialAction":[{"@type":"ReadAction","target":["https:\/\/theleaderscircle.ca\/fr\/toronto\/"]}]},{"@type":"ImageObject","inLanguage":"fr-FR","@id":"https:\/\/theleaderscircle.ca\/fr\/toronto\/#primaryimage","url":"https:\/\/theleaderscircle.ca\/wp-content\/uploads\/2023\/10\/A035_C010_20200916_R00313-Edit@2x.jpg","contentUrl":"https:\/\/theleaderscircle.ca\/wp-content\/uploads\/2023\/10\/A035_C010_20200916_R00313-Edit@2x.jpg"},{"@type":"WebSite","@id":"https:\/\/theleaderscircle.ca\/#website","url":"https:\/\/theleaderscircle.ca\/","name":"theleaderscircle.ca","description":"","potentialAction":[{"@type":"SearchAction","target":{"@type":"EntryPoint","urlTemplate":"https:\/\/theleaderscircle.ca\/?s={search_term_string}"},"query-input":{"@type":"PropertyValueSpecification","valueRequired":true,"valueName":"search_term_string"}}],"inLanguage":"fr-FR"}]}},"_links":{"self":[{"href":"https:\/\/theleaderscircle.ca\/fr\/wp-json\/wp\/v2\/pages\/1168","targetHints":{"allow":["GET"]}}],"collection":[{"href":"https:\/\/theleaderscircle.ca\/fr\/wp-json\/wp\/v2\/pages"}],"about":[{"href":"https:\/\/theleaderscircle.ca\/fr\/wp-json\/wp\/v2\/types\/page"}],"author":[{"embeddable":true,"href":"https:\/\/theleaderscircle.ca\/fr\/wp-json\/wp\/v2\/users\/3"}],"replies":[{"embeddable":true,"href":"https:\/\/theleaderscircle.ca\/fr\/wp-json\/wp\/v2\/comments?post=1168"}],"version-history":[{"count":8,"href":"https:\/\/theleaderscircle.ca\/fr\/wp-json\/wp\/v2\/pages\/1168\/revisions"}],"predecessor-version":[{"id":1296,"href":"https:\/\/theleaderscircle.ca\/fr\/wp-json\/wp\/v2\/pages\/1168\/revisions\/1296"}],"wp:attachment":[{"href":"https:\/\/theleaderscircle.ca\/fr\/wp-json\/wp\/v2\/media?parent=1168"}],"curies":[{"name":"wp","href":"https:\/\/api.w.org\/{rel}","templated":true}]}}